{"id":881,"date":"2023-07-18T15:43:55","date_gmt":"2023-07-18T19:43:55","guid":{"rendered":"https:\/\/caidi.ca\/soyons-accueillant\/"},"modified":"2026-04-13T11:18:42","modified_gmt":"2026-04-13T15:18:42","slug":"soyons-accueillants","status":"publish","type":"page","link":"https:\/\/caidi.ca\/es\/soyons-accueillants\/","title":{"rendered":"Soyons accueillants"},"content":{"rendered":"","protected":false},"excerpt":{"rendered":"","protected":false},"author":1,"featured_media":0,"parent":0,"menu_order":0,"comment_status":"closed","ping_status":"closed","template":"page-accueillant.php","meta":{"_acf_changed":false,"inline_featured_image":false,"footnotes":""},"class_list":["post-881","page","type-page","status-publish","hentry"],"acf":[],"yoast_head":"<!-- This site is optimized with the Yoast SEO plugin v27.4 - https:\/\/yoast.com\/product\/yoast-seo-wordpress\/ -->\n<title>Soyons accueillants pour une soci\u00e9t\u00e9 plus ouverte et diversifi\u00e9e<\/title>\n<meta name=\"description\" content=\"Des activit\u00e9s interculturelles et des ateliers sont offerts pour vous accompagner dans nos milieux et nos \u00e9coles.\" \/>\n<meta name=\"robots\" content=\"index, follow, max-snippet:-1, max-image-preview:large, max-video-preview:-1\" \/>\n<link rel=\"canonical\" href=\"https:\/\/caidi.ca\/es\/soyons-accueillants\/\" \/>\n<meta property=\"og:locale\" content=\"es_ES\" \/>\n<meta property=\"og:type\" content=\"article\" \/>\n<meta property=\"og:title\" content=\"Soyons accueillants pour une soci\u00e9t\u00e9 plus ouverte et diversifi\u00e9e\" \/>\n<meta property=\"og:description\" content=\"Des activit\u00e9s interculturelles et des ateliers sont offerts pour vous accompagner dans nos milieux et nos \u00e9coles.\" \/>\n<meta property=\"og:url\" content=\"https:\/\/caidi.ca\/es\/soyons-accueillants\/\" \/>\n<meta property=\"og:site_name\" content=\"Caidi\" \/>\n<meta property=\"article:modified_time\" content=\"2026-04-13T15:18:42+00:00\" \/>\n<meta property=\"og:image\" content=\"https:\/\/caidi.ca\/wp-content\/uploads\/2023\/09\/logo-caidi-fb.png\" \/>\n\t<meta property=\"og:image:width\" content=\"1200\" \/>\n\t<meta property=\"og:image:height\" content=\"630\" \/>\n\t<meta property=\"og:image:type\" content=\"image\/png\" \/>\n<meta name=\"twitter:card\" content=\"summary_large_image\" \/>\n<script type=\"application\/ld+json\" class=\"yoast-schema-graph\">{\"@context\":\"https:\\\/\\\/schema.org\",\"@graph\":[{\"@type\":\"WebPage\",\"@id\":\"https:\\\/\\\/caidi.ca\\\/es\\\/soyons-accueillants\\\/\",\"url\":\"https:\\\/\\\/caidi.ca\\\/es\\\/soyons-accueillants\\\/\",\"name\":\"Soyons accueillants pour une soci\u00e9t\u00e9 plus ouverte et diversifi\u00e9e\",\"isPartOf\":{\"@id\":\"https:\\\/\\\/caidi.ca\\\/es\\\/#website\"},\"datePublished\":\"2023-07-18T19:43:55+00:00\",\"dateModified\":\"2026-04-13T15:18:42+00:00\",\"description\":\"Des activit\u00e9s interculturelles et des ateliers sont offerts pour vous accompagner dans nos milieux et nos \u00e9coles.\",\"breadcrumb\":{\"@id\":\"https:\\\/\\\/caidi.ca\\\/es\\\/soyons-accueillants\\\/#breadcrumb\"},\"inLanguage\":\"es\",\"potentialAction\":[{\"@type\":\"ReadAction\",\"target\":[\"https:\\\/\\\/caidi.ca\\\/es\\\/soyons-accueillants\\\/\"]}]},{\"@type\":\"BreadcrumbList\",\"@id\":\"https:\\\/\\\/caidi.ca\\\/es\\\/soyons-accueillants\\\/#breadcrumb\",\"itemListElement\":[{\"@type\":\"ListItem\",\"position\":1,\"name\":\"Accueil\",\"item\":\"https:\\\/\\\/caidi.ca\\\/es\\\/\"},{\"@type\":\"ListItem\",\"position\":2,\"name\":\"Soyons accueillants\"}]},{\"@type\":\"WebSite\",\"@id\":\"https:\\\/\\\/caidi.ca\\\/es\\\/#website\",\"url\":\"https:\\\/\\\/caidi.ca\\\/es\\\/\",\"name\":\"CAIDI\",\"description\":\"\",\"publisher\":{\"@id\":\"https:\\\/\\\/caidi.ca\\\/es\\\/#organization\"},\"potentialAction\":[{\"@type\":\"SearchAction\",\"target\":{\"@type\":\"EntryPoint\",\"urlTemplate\":\"https:\\\/\\\/caidi.ca\\\/es\\\/?s={search_term_string}\"},\"query-input\":{\"@type\":\"PropertyValueSpecification\",\"valueRequired\":true,\"valueName\":\"search_term_string\"}}],\"inLanguage\":\"es\"},{\"@type\":\"Organization\",\"@id\":\"https:\\\/\\\/caidi.ca\\\/es\\\/#organization\",\"name\":\"CAIDI\",\"url\":\"https:\\\/\\\/caidi.ca\\\/es\\\/\",\"logo\":{\"@type\":\"ImageObject\",\"inLanguage\":\"es\",\"@id\":\"https:\\\/\\\/caidi.ca\\\/es\\\/#\\\/schema\\\/logo\\\/image\\\/\",\"url\":\"https:\\\/\\\/caidi.ca\\\/wp-content\\\/uploads\\\/2023\\\/07\\\/CAIDI-Logo-Par-CJEBN-Coul-PMS-e1689710207637.png\",\"contentUrl\":\"https:\\\/\\\/caidi.ca\\\/wp-content\\\/uploads\\\/2023\\\/07\\\/CAIDI-Logo-Par-CJEBN-Coul-PMS-e1689710207637.png\",\"width\":250,\"height\":151,\"caption\":\"CAIDI\"},\"image\":{\"@id\":\"https:\\\/\\\/caidi.ca\\\/es\\\/#\\\/schema\\\/logo\\\/image\\\/\"}}]}<\/script>\n<!-- \/ Yoast SEO plugin. -->","yoast_head_json":{"title":"Soyons accueillants pour une soci\u00e9t\u00e9 plus ouverte et diversifi\u00e9e","description":"Des activit\u00e9s interculturelles et des ateliers sont offerts pour vous accompagner dans nos milieux et nos \u00e9coles.","robots":{"index":"index","follow":"follow","max-snippet":"max-snippet:-1","max-image-preview":"max-image-preview:large","max-video-preview":"max-video-preview:-1"},"canonical":"https:\/\/caidi.ca\/es\/soyons-accueillants\/","og_locale":"es_ES","og_type":"article","og_title":"Soyons accueillants pour une soci\u00e9t\u00e9 plus ouverte et diversifi\u00e9e","og_description":"Des activit\u00e9s interculturelles et des ateliers sont offerts pour vous accompagner dans nos milieux et nos \u00e9coles.","og_url":"https:\/\/caidi.ca\/es\/soyons-accueillants\/","og_site_name":"Caidi","article_modified_time":"2026-04-13T15:18:42+00:00","og_image":[{"width":1200,"height":630,"url":"https:\/\/caidi.ca\/wp-content\/uploads\/2023\/09\/logo-caidi-fb.png","type":"image\/png"}],"twitter_card":"summary_large_image","schema":{"@context":"https:\/\/schema.org","@graph":[{"@type":"WebPage","@id":"https:\/\/caidi.ca\/es\/soyons-accueillants\/","url":"https:\/\/caidi.ca\/es\/soyons-accueillants\/","name":"Soyons accueillants pour une soci\u00e9t\u00e9 plus ouverte et diversifi\u00e9e","isPartOf":{"@id":"https:\/\/caidi.ca\/es\/#website"},"datePublished":"2023-07-18T19:43:55+00:00","dateModified":"2026-04-13T15:18:42+00:00","description":"Des activit\u00e9s interculturelles et des ateliers sont offerts pour vous accompagner dans nos milieux et nos \u00e9coles.","breadcrumb":{"@id":"https:\/\/caidi.ca\/es\/soyons-accueillants\/#breadcrumb"},"inLanguage":"es","potentialAction":[{"@type":"ReadAction","target":["https:\/\/caidi.ca\/es\/soyons-accueillants\/"]}]},{"@type":"BreadcrumbList","@id":"https:\/\/caidi.ca\/es\/soyons-accueillants\/#breadcrumb","itemListElement":[{"@type":"ListItem","position":1,"name":"Accueil","item":"https:\/\/caidi.ca\/es\/"},{"@type":"ListItem","position":2,"name":"Soyons accueillants"}]},{"@type":"WebSite","@id":"https:\/\/caidi.ca\/es\/#website","url":"https:\/\/caidi.ca\/es\/","name":"CAIDI","description":"","publisher":{"@id":"https:\/\/caidi.ca\/es\/#organization"},"potentialAction":[{"@type":"SearchAction","target":{"@type":"EntryPoint","urlTemplate":"https:\/\/caidi.ca\/es\/?s={search_term_string}"},"query-input":{"@type":"PropertyValueSpecification","valueRequired":true,"valueName":"search_term_string"}}],"inLanguage":"es"},{"@type":"Organization","@id":"https:\/\/caidi.ca\/es\/#organization","name":"CAIDI","url":"https:\/\/caidi.ca\/es\/","logo":{"@type":"ImageObject","inLanguage":"es","@id":"https:\/\/caidi.ca\/es\/#\/schema\/logo\/image\/","url":"https:\/\/caidi.ca\/wp-content\/uploads\/2023\/07\/CAIDI-Logo-Par-CJEBN-Coul-PMS-e1689710207637.png","contentUrl":"https:\/\/caidi.ca\/wp-content\/uploads\/2023\/07\/CAIDI-Logo-Par-CJEBN-Coul-PMS-e1689710207637.png","width":250,"height":151,"caption":"CAIDI"},"image":{"@id":"https:\/\/caidi.ca\/es\/#\/schema\/logo\/image\/"}}]}},"_links":{"self":[{"href":"https:\/\/caidi.ca\/es\/wp-json\/wp\/v2\/pages\/881","targetHints":{"allow":["GET"]}}],"collection":[{"href":"https:\/\/caidi.ca\/es\/wp-json\/wp\/v2\/pages"}],"about":[{"href":"https:\/\/caidi.ca\/es\/wp-json\/wp\/v2\/types\/page"}],"author":[{"embeddable":true,"href":"https:\/\/caidi.ca\/es\/wp-json\/wp\/v2\/users\/1"}],"replies":[{"embeddable":true,"href":"https:\/\/caidi.ca\/es\/wp-json\/wp\/v2\/comments?post=881"}],"version-history":[{"count":35,"href":"https:\/\/caidi.ca\/es\/wp-json\/wp\/v2\/pages\/881\/revisions"}],"predecessor-version":[{"id":1389,"href":"https:\/\/caidi.ca\/es\/wp-json\/wp\/v2\/pages\/881\/revisions\/1389"}],"wp:attachment":[{"href":"https:\/\/caidi.ca\/es\/wp-json\/wp\/v2\/media?parent=881"}],"curies":[{"name":"wp","href":"https:\/\/api.w.org\/{rel}","templated":true}]}}