{"id":873,"date":"2023-07-18T15:44:26","date_gmt":"2023-07-18T19:44:26","guid":{"rendered":"https:\/\/caidi.ca\/deviens-benevole\/"},"modified":"2023-09-20T09:48:27","modified_gmt":"2023-09-20T13:48:27","slug":"deviens-benevole","status":"publish","type":"page","link":"https:\/\/caidi.ca\/es\/deviens-benevole\/","title":{"rendered":"Deviens b\u00e9n\u00e9vole"},"content":{"rendered":"","protected":false},"excerpt":{"rendered":"","protected":false},"author":1,"featured_media":0,"parent":0,"menu_order":0,"comment_status":"closed","ping_status":"closed","template":"page-benevoles.php","meta":{"_acf_changed":false,"inline_featured_image":false,"footnotes":""},"class_list":["post-873","page","type-page","status-publish","hentry"],"acf":[],"yoast_head":"<!-- This site is optimized with the Yoast SEO plugin v27.4 - https:\/\/yoast.com\/product\/yoast-seo-wordpress\/ -->\n<title>Devenez b\u00e9n\u00e9vole pour Caidi, une belle exp\u00e9rience culturelle<\/title>\n<meta name=\"description\" content=\"Devenir b\u00e9n\u00e9vole, c&#039;est offrir son temps pour accueillir des personnes immigrantes et approfondir ses connaissances sur les diff\u00e9rentes cultures.\" \/>\n<meta name=\"robots\" content=\"index, follow, max-snippet:-1, max-image-preview:large, max-video-preview:-1\" \/>\n<link rel=\"canonical\" href=\"https:\/\/caidi.ca\/es\/deviens-benevole\/\" \/>\n<meta property=\"og:locale\" content=\"es_ES\" \/>\n<meta property=\"og:type\" content=\"article\" \/>\n<meta property=\"og:title\" content=\"Devenez b\u00e9n\u00e9vole pour Caidi, une belle exp\u00e9rience culturelle\" \/>\n<meta property=\"og:description\" content=\"Devenir b\u00e9n\u00e9vole, c&#039;est offrir son temps pour accueillir des personnes immigrantes et approfondir ses connaissances sur les diff\u00e9rentes cultures.\" \/>\n<meta property=\"og:url\" content=\"https:\/\/caidi.ca\/es\/deviens-benevole\/\" \/>\n<meta property=\"og:site_name\" content=\"Caidi\" \/>\n<meta property=\"article:modified_time\" content=\"2023-09-20T13:48:27+00:00\" \/>\n<meta name=\"twitter:card\" content=\"summary_large_image\" \/>\n<script type=\"application\/ld+json\" class=\"yoast-schema-graph\">{\"@context\":\"https:\\\/\\\/schema.org\",\"@graph\":[{\"@type\":\"WebPage\",\"@id\":\"https:\\\/\\\/caidi.ca\\\/es\\\/deviens-benevole\\\/\",\"url\":\"https:\\\/\\\/caidi.ca\\\/es\\\/deviens-benevole\\\/\",\"name\":\"Devenez b\u00e9n\u00e9vole pour Caidi, une belle exp\u00e9rience culturelle\",\"isPartOf\":{\"@id\":\"https:\\\/\\\/caidi.ca\\\/es\\\/#website\"},\"datePublished\":\"2023-07-18T19:44:26+00:00\",\"dateModified\":\"2023-09-20T13:48:27+00:00\",\"description\":\"Devenir b\u00e9n\u00e9vole, c'est offrir son temps pour accueillir des personnes immigrantes et approfondir ses connaissances sur les diff\u00e9rentes cultures.\",\"breadcrumb\":{\"@id\":\"https:\\\/\\\/caidi.ca\\\/es\\\/deviens-benevole\\\/#breadcrumb\"},\"inLanguage\":\"es\",\"potentialAction\":[{\"@type\":\"ReadAction\",\"target\":[\"https:\\\/\\\/caidi.ca\\\/es\\\/deviens-benevole\\\/\"]}]},{\"@type\":\"BreadcrumbList\",\"@id\":\"https:\\\/\\\/caidi.ca\\\/es\\\/deviens-benevole\\\/#breadcrumb\",\"itemListElement\":[{\"@type\":\"ListItem\",\"position\":1,\"name\":\"Accueil\",\"item\":\"https:\\\/\\\/caidi.ca\\\/es\\\/\"},{\"@type\":\"ListItem\",\"position\":2,\"name\":\"Deviens b\u00e9n\u00e9vole\"}]},{\"@type\":\"WebSite\",\"@id\":\"https:\\\/\\\/caidi.ca\\\/es\\\/#website\",\"url\":\"https:\\\/\\\/caidi.ca\\\/es\\\/\",\"name\":\"CAIDI\",\"description\":\"\",\"publisher\":{\"@id\":\"https:\\\/\\\/caidi.ca\\\/es\\\/#organization\"},\"potentialAction\":[{\"@type\":\"SearchAction\",\"target\":{\"@type\":\"EntryPoint\",\"urlTemplate\":\"https:\\\/\\\/caidi.ca\\\/es\\\/?s={search_term_string}\"},\"query-input\":{\"@type\":\"PropertyValueSpecification\",\"valueRequired\":true,\"valueName\":\"search_term_string\"}}],\"inLanguage\":\"es\"},{\"@type\":\"Organization\",\"@id\":\"https:\\\/\\\/caidi.ca\\\/es\\\/#organization\",\"name\":\"CAIDI\",\"url\":\"https:\\\/\\\/caidi.ca\\\/es\\\/\",\"logo\":{\"@type\":\"ImageObject\",\"inLanguage\":\"es\",\"@id\":\"https:\\\/\\\/caidi.ca\\\/es\\\/#\\\/schema\\\/logo\\\/image\\\/\",\"url\":\"https:\\\/\\\/caidi.ca\\\/wp-content\\\/uploads\\\/2023\\\/07\\\/CAIDI-Logo-Par-CJEBN-Coul-PMS-e1689710207637.png\",\"contentUrl\":\"https:\\\/\\\/caidi.ca\\\/wp-content\\\/uploads\\\/2023\\\/07\\\/CAIDI-Logo-Par-CJEBN-Coul-PMS-e1689710207637.png\",\"width\":250,\"height\":151,\"caption\":\"CAIDI\"},\"image\":{\"@id\":\"https:\\\/\\\/caidi.ca\\\/es\\\/#\\\/schema\\\/logo\\\/image\\\/\"}}]}<\/script>\n<!-- \/ Yoast SEO plugin. -->","yoast_head_json":{"title":"Devenez b\u00e9n\u00e9vole pour Caidi, une belle exp\u00e9rience culturelle","description":"Devenir b\u00e9n\u00e9vole, c'est offrir son temps pour accueillir des personnes immigrantes et approfondir ses connaissances sur les diff\u00e9rentes cultures.","robots":{"index":"index","follow":"follow","max-snippet":"max-snippet:-1","max-image-preview":"max-image-preview:large","max-video-preview":"max-video-preview:-1"},"canonical":"https:\/\/caidi.ca\/es\/deviens-benevole\/","og_locale":"es_ES","og_type":"article","og_title":"Devenez b\u00e9n\u00e9vole pour Caidi, une belle exp\u00e9rience culturelle","og_description":"Devenir b\u00e9n\u00e9vole, c'est offrir son temps pour accueillir des personnes immigrantes et approfondir ses connaissances sur les diff\u00e9rentes cultures.","og_url":"https:\/\/caidi.ca\/es\/deviens-benevole\/","og_site_name":"Caidi","article_modified_time":"2023-09-20T13:48:27+00:00","twitter_card":"summary_large_image","schema":{"@context":"https:\/\/schema.org","@graph":[{"@type":"WebPage","@id":"https:\/\/caidi.ca\/es\/deviens-benevole\/","url":"https:\/\/caidi.ca\/es\/deviens-benevole\/","name":"Devenez b\u00e9n\u00e9vole pour Caidi, une belle exp\u00e9rience culturelle","isPartOf":{"@id":"https:\/\/caidi.ca\/es\/#website"},"datePublished":"2023-07-18T19:44:26+00:00","dateModified":"2023-09-20T13:48:27+00:00","description":"Devenir b\u00e9n\u00e9vole, c'est offrir son temps pour accueillir des personnes immigrantes et approfondir ses connaissances sur les diff\u00e9rentes cultures.","breadcrumb":{"@id":"https:\/\/caidi.ca\/es\/deviens-benevole\/#breadcrumb"},"inLanguage":"es","potentialAction":[{"@type":"ReadAction","target":["https:\/\/caidi.ca\/es\/deviens-benevole\/"]}]},{"@type":"BreadcrumbList","@id":"https:\/\/caidi.ca\/es\/deviens-benevole\/#breadcrumb","itemListElement":[{"@type":"ListItem","position":1,"name":"Accueil","item":"https:\/\/caidi.ca\/es\/"},{"@type":"ListItem","position":2,"name":"Deviens b\u00e9n\u00e9vole"}]},{"@type":"WebSite","@id":"https:\/\/caidi.ca\/es\/#website","url":"https:\/\/caidi.ca\/es\/","name":"CAIDI","description":"","publisher":{"@id":"https:\/\/caidi.ca\/es\/#organization"},"potentialAction":[{"@type":"SearchAction","target":{"@type":"EntryPoint","urlTemplate":"https:\/\/caidi.ca\/es\/?s={search_term_string}"},"query-input":{"@type":"PropertyValueSpecification","valueRequired":true,"valueName":"search_term_string"}}],"inLanguage":"es"},{"@type":"Organization","@id":"https:\/\/caidi.ca\/es\/#organization","name":"CAIDI","url":"https:\/\/caidi.ca\/es\/","logo":{"@type":"ImageObject","inLanguage":"es","@id":"https:\/\/caidi.ca\/es\/#\/schema\/logo\/image\/","url":"https:\/\/caidi.ca\/wp-content\/uploads\/2023\/07\/CAIDI-Logo-Par-CJEBN-Coul-PMS-e1689710207637.png","contentUrl":"https:\/\/caidi.ca\/wp-content\/uploads\/2023\/07\/CAIDI-Logo-Par-CJEBN-Coul-PMS-e1689710207637.png","width":250,"height":151,"caption":"CAIDI"},"image":{"@id":"https:\/\/caidi.ca\/es\/#\/schema\/logo\/image\/"}}]}},"_links":{"self":[{"href":"https:\/\/caidi.ca\/es\/wp-json\/wp\/v2\/pages\/873","targetHints":{"allow":["GET"]}}],"collection":[{"href":"https:\/\/caidi.ca\/es\/wp-json\/wp\/v2\/pages"}],"about":[{"href":"https:\/\/caidi.ca\/es\/wp-json\/wp\/v2\/types\/page"}],"author":[{"embeddable":true,"href":"https:\/\/caidi.ca\/es\/wp-json\/wp\/v2\/users\/1"}],"replies":[{"embeddable":true,"href":"https:\/\/caidi.ca\/es\/wp-json\/wp\/v2\/comments?post=873"}],"version-history":[{"count":2,"href":"https:\/\/caidi.ca\/es\/wp-json\/wp\/v2\/pages\/873\/revisions"}],"predecessor-version":[{"id":955,"href":"https:\/\/caidi.ca\/es\/wp-json\/wp\/v2\/pages\/873\/revisions\/955"}],"wp:attachment":[{"href":"https:\/\/caidi.ca\/es\/wp-json\/wp\/v2\/media?parent=873"}],"curies":[{"name":"wp","href":"https:\/\/api.w.org\/{rel}","templated":true}]}}